{"id":2696,"date":"2020-02-06T13:01:58","date_gmt":"2020-02-06T12:01:58","guid":{"rendered":"https:\/\/www.europhotonics.org\/wordpress\/?page_id=2696"},"modified":"2024-09-19T17:16:03","modified_gmt":"2024-09-19T15:16:03","slug":"contact","status":"publish","type":"page","link":"https:\/\/www.europhotonics.org\/wordpress\/contact\/","title":{"rendered":"Contact"},"content":{"rendered":"<p>[et_pb_section fb_built=&#8221;1&#8243; fullwidth=&#8221;on&#8221; _builder_version=&#8221;4.0.7&#8243;][et_pb_fullwidth_header title=&#8221;contact&#8221; _builder_version=&#8221;4.0.7&#8243; title_font=&#8221;|||on|||||&#8221; title_text_color=&#8221;#ffffff&#8221; custom_padding=&#8221;0px||0px|||&#8221;][\/et_pb_fullwidth_header][\/et_pb_section][et_pb_section fb_built=&#8221;1&#8243; _builder_version=&#8221;4.0.7&#8243; locked=&#8221;off&#8221;][et_pb_row column_structure=&#8221;2_5,3_5&#8243; _builder_version=&#8221;4.0.7&#8243;][et_pb_column type=&#8221;2_5&#8243; _builder_version=&#8221;4.0.7&#8243;][et_pb_image src=&#8221;https:\/\/www.europhotonics.org\/wordpress\/wp-content\/uploads\/2020\/01\/MapEurope.png&#8221; align=&#8221;center&#8221; _builder_version=&#8221;4.0.7&#8243; max_height=&#8221;1000px&#8221; max_height_tablet=&#8221;415px&#8221; max_height_phone=&#8221;312px&#8221; max_height_last_edited=&#8221;on|desktop&#8221;][\/et_pb_image][\/et_pb_column][et_pb_column type=&#8221;3_5&#8243; _builder_version=&#8221;4.0.7&#8243;][et_pb_text _builder_version=&#8221;4.6.0&#8243;]<\/p>\n<h3 style=\"text-align: center;\">Contact email: emundus.master (a) fresnel.fr<\/h3>\n<p>[\/et_pb_text][et_pb_toggle title=&#8221;Principal Coordinator &#8211; Aix-Marseille University&#8221; open_toggle_text_color=&#8221;#00a5e2&#8243; open_toggle_background_color=&#8221;rgba(0,0,0,0)&#8221; closed_toggle_background_color=&#8221;#00a5e2&#8243; use_icon_font_size=&#8221;on&#8221; icon_font_size=&#8221;24px&#8221; _builder_version=&#8221;4.6.0&#8243; title_text_color=&#8221;#ffffff&#8221; title_level=&#8221;h3&#8243; title_font=&#8221;|||||on|||&#8221; background_color=&#8221;rgba(0,0,0,0)&#8221; width=&#8221;80%&#8221; module_alignment=&#8221;center&#8221; link_option_url=&#8221;http:\/\/www.univ-amu.fr&#8221; title_font_size_tablet=&#8221;20px&#8221; title_font_size_phone=&#8221;15px&#8221; title_font_size_last_edited=&#8221;on|phone&#8221; border_color_all=&#8221;#00a5e2&#8243; border_style_all=&#8221;groove&#8221;]<\/p>\n<p><strong><span style=\"color: #00a5e2;\">Am\u00e9lie Litman<br \/> <\/span><\/strong><span style=\"color: #00a5e2;\"> <\/span><span style=\"color: #00a5e2;\"><span style=\"color: #6a6262;\">amelie.litman(at)univ-amu.fr<\/span><\/span><\/p>\n<p><strong><span style=\"color: #00a5e2;\">Nad\u00e8ge Guillem (Administrative issues)<\/span><\/strong><br \/> <span style=\"color: #6a6262;\">nadege.guillem(at)univ-amu.fr<\/span><\/p>\n<p>Universit\u00e9 Aix-Marseille<br \/> Domaine Universitaire de Saint-J\u00e9r\u00f4me<br \/> Avenue Escadrille Normandie-Niemen<br \/> 13397 Marseille Cedex 20 &#8211; FRANCE<br \/> Phone: +33 (0)4 13 94 55 02<\/p>\n<p>[\/et_pb_toggle][et_pb_toggle title=&#8221;Local Coordinator &#8211; Karlsruhe Institute for Technologies&#8221; open_toggle_text_color=&#8221;#00905a&#8221; open_toggle_background_color=&#8221;rgba(0,0,0,0)&#8221; closed_toggle_background_color=&#8221;#00905a&#8221; use_icon_font_size=&#8221;on&#8221; icon_font_size=&#8221;24px&#8221; _builder_version=&#8221;4.6.0&#8243; title_text_color=&#8221;#ffffff&#8221; title_level=&#8221;h3&#8243; title_font=&#8221;|||||on|||&#8221; background_color=&#8221;rgba(0,0,0,0)&#8221; width=&#8221;80%&#8221; module_alignment=&#8221;center&#8221; title_font_size_tablet=&#8221;20px&#8221; title_font_size_phone=&#8221;15px&#8221; title_font_size_last_edited=&#8221;on|tablet&#8221; border_color_all=&#8221;#00905a&#8221; border_style_all=&#8221;groove&#8221;]<\/p>\n<p><strong><span style=\"color: #00905a;\">Nina Becker<\/span><\/strong><br \/> <span style=\"color: #6a6262;\">nina.becker(at)kit.edu<\/span><\/p>\n<p>Karlsruher Institut f\u00fbr Technologie (KIT)<br \/> International Department<br \/> Schlossplatz 19<br \/> 76131 Karlsruhe &#8211; GERMANY<br \/> Phone: +49(0) 721-608-45789<span><a href=\"tel:+49072160847688\"><span itemprop=\"telephone\"><\/span><\/a><\/span><\/p>\n<p><strong><span style=\"color: #00905a;\">Jurana\u00a0 Hetterich<\/span><\/strong><br \/> <span style=\"color: #6a6262;\">jurana.hetterich(at)kit.edu<\/span><\/p>\n<p>Karlsruher Institut f\u00fbr Technologie (KIT)<br \/> Lichttechnisches Institut<br \/> Engesserstrafe 12, Geb. 30.34<br \/> 76131 Karlsruhe &#8211; GERMANY<br \/> Phone: +49(0) 721-608-42541<\/p>\n<p>[\/et_pb_toggle][et_pb_toggle title=&#8221;Local Coordinator &#8211; Barcelona Universities&#8221; open_toggle_text_color=&#8221;#f39200&#8243; open_toggle_background_color=&#8221;rgba(0,0,0,0)&#8221; closed_toggle_background_color=&#8221;#f39200&#8243; use_icon_font_size=&#8221;on&#8221; icon_font_size=&#8221;24px&#8221; _builder_version=&#8221;4.4.8&#8243; title_text_color=&#8221;#ffffff&#8221; title_level=&#8221;h3&#8243; title_font=&#8221;|||||on|||&#8221; background_color=&#8221;rgba(0,0,0,0)&#8221; width=&#8221;80%&#8221; module_alignment=&#8221;center&#8221; title_font_size_tablet=&#8221;20px&#8221; title_font_size_phone=&#8221;15px&#8221; title_font_size_last_edited=&#8221;on|tablet&#8221; border_color_all=&#8221;#f39200&#8243; border_style_all=&#8221;groove&#8221;]<\/p>\n<p><strong><span style=\"color: #f39200;\">Crina Cojocaru<\/span><\/strong><br \/> <span style=\"color: #6a6262;\">crina.maria.cojocaru(at)upc.edu<\/span><\/p>\n<p>Physics and Nuclear Engineering Department<br \/> Rambla Sant Nebridi 22<br \/> Gaia Building<br \/> 08222 Terrassa &#8211; SPAIN<\/p>\n<p>[\/et_pb_toggle][et_pb_toggle title=&#8221;Local Coordinator &#8211; Tampere University&#8221; open_toggle_text_color=&#8221;#5b2873&#8243; open_toggle_background_color=&#8221;rgba(0,0,0,0)&#8221; closed_toggle_background_color=&#8221;#5b2873&#8243; use_icon_font_size=&#8221;on&#8221; icon_font_size=&#8221;24px&#8221; _builder_version=&#8221;4.4.8&#8243; title_text_color=&#8221;#ffffff&#8221; title_level=&#8221;h3&#8243; title_font=&#8221;|||||on|||&#8221; background_color=&#8221;rgba(0,0,0,0)&#8221; width=&#8221;80%&#8221; module_alignment=&#8221;center&#8221; title_font_size_tablet=&#8221;20px&#8221; title_font_size_phone=&#8221;15px&#8221; title_font_size_last_edited=&#8221;on|tablet&#8221; border_color_all=&#8221;#5b2873&#8243; border_style_all=&#8221;groove&#8221;]<\/p>\n<p><strong><span style=\"color: #5b2873;\">Tea Vellamo<\/span><\/strong><br \/> <span style=\"color: #6a6262;\">tea.vellamo(at)tuni.fi<\/span><\/p>\n<p>Tampere University<br \/> Korkeakoulunkatu 10<br \/> Room <span lang=\"EN-US\">K2245<\/span><br \/> 33720 Tampere &#8211; FINLAND<br \/> Phone: +358 50 583 0447<\/p>\n<p><strong><span style=\"color: #5b2873;\">Geory Genty<\/span><\/strong><br \/> <span style=\"color: #6a6262;\">goery.genty(at)tuni.fi<\/span><\/p>\n<p>Tampere Universty<br \/> Korkeakoulunkatu 10<br \/> Room SK104<br \/> 33720 Tampere &#8211; FINLAND<\/p>\n<p>[\/et_pb_toggle][et_pb_toggle title=&#8221;Local Coordinator &#8211; Vilnius University&#8221; open_toggle_text_color=&#8221;#be1b3e&#8221; open_toggle_background_color=&#8221;rgba(0,0,0,0)&#8221; closed_toggle_background_color=&#8221;#be1b3e&#8221; use_icon_font_size=&#8221;on&#8221; icon_font_size=&#8221;24px&#8221; _builder_version=&#8221;4.6.0&#8243; title_text_color=&#8221;#ffffff&#8221; title_level=&#8221;h3&#8243; title_font=&#8221;|||||on|||&#8221; background_color=&#8221;rgba(0,0,0,0)&#8221; width=&#8221;80%&#8221; module_alignment=&#8221;center&#8221; title_font_size_tablet=&#8221;20px&#8221; title_font_size_phone=&#8221;15px&#8221; title_font_size_last_edited=&#8221;on|desktop&#8221; border_color_all=&#8221;#be1b3e&#8221; border_style_all=&#8221;groove&#8221;]<\/p>\n<p><span style=\"color: #6a6262;\"><strong><span style=\"color: #be1b3e;\">Viktorija Talumiene<\/span><\/strong><br \/> viktorija.tamuliene(at)ff.vu.lt<\/span><\/p>\n<p><span>Faculty of Physics<br \/> <\/span>Vilnius University<br \/> Universiteto g. 3<br \/> Vilnius 01513 &#8211; LITHUANIA<\/p>\n<p>[\/et_pb_toggle][\/et_pb_column][\/et_pb_row][\/et_pb_section][et_pb_section fb_built=&#8221;1&#8243; _builder_version=&#8221;4.4.8&#8243;][et_pb_row _builder_version=&#8221;4.4.8&#8243;][et_pb_column type=&#8221;4_4&#8243; _builder_version=&#8221;4.4.8&#8243;][et_pb_text _builder_version=&#8221;4.6.0&#8243; _module_preset=&#8221;default&#8221;]<\/p>\n<p style=\"text-align: center;\">Funded by the European Union. Views and opinions expressed are however those of the author(s) only and do not necessarily reflect those of the European Union or the European Education and Culture Executive Agency (EACEA). Neither the European Union nor EACEA can be held responsible for them.<\/p>\n<p style=\"text-align: center;\">[\/et_pb_text][et_pb_image src=&#8221;https:\/\/www.europhotonics.org\/wordpress\/wp-content\/uploads\/2024\/09\/logos_allpartners_2024.png&#8221; alt=&#8221;Europhotonics &#8211; 8 Partners banner&#8221; title_text=&#8221;logos_allpartners_2024&#8243; align=&#8221;center&#8221; _builder_version=&#8221;4.6.0&#8243; hover_enabled=&#8221;0&#8243; max_width=&#8221;80%&#8221; module_alignment=&#8221;center&#8221; sticky_enabled=&#8221;0&#8243;][\/et_pb_image][\/et_pb_column][\/et_pb_row][\/et_pb_section]<\/p>\n","protected":false},"excerpt":{"rendered":"<p>Contact email: emundus.master (a) fresnel.frAm\u00e9lie Litman amelie.litman(at)univ-amu.fr Nad\u00e8ge Guillem (Administrative issues) nadege.guillem(at)univ-amu.fr Universit\u00e9 Aix-Marseille Domaine Universitaire de Saint-J\u00e9r\u00f4me Avenue Escadrille Normandie-Niemen 13397 Marseille Cedex 20 &#8211; FRANCE Phone: +33 (0)4 13 94 55 02Nina Becker nina.becker(at)kit.edu Karlsruher Institut f\u00fbr Technologie (KIT) International Department Schlossplatz 19 76131 Karlsruhe &#8211; GERMANY Phone: +49(0) 721-608-45789 Jurana\u00a0 Hetterich jurana.hetterich(at)kit.edu [&hellip;]<\/p>\n","protected":false},"author":1,"featured_media":0,"parent":0,"menu_order":0,"comment_status":"closed","ping_status":"closed","template":"","meta":{"_et_pb_use_builder":"on","_et_pb_old_content":"","_et_gb_content_width":"","footnotes":""},"class_list":["post-2696","page","type-page","status-publish","hentry"],"yoast_head":"<!-- This site is optimized with the Yoast SEO plugin v27.6 - https:\/\/yoast.com\/product\/yoast-seo-wordpress\/ -->\n<title>Contact - Europhotonics<\/title>\n<meta name=\"description\" content=\"Contact information of the Europhotonics coordinator and partners\" \/>\n<meta name=\"robots\" content=\"index, follow, max-snippet:-1, max-image-preview:large, max-video-preview:-1\" \/>\n<link rel=\"canonical\" href=\"https:\/\/www.europhotonics.org\/wordpress\/contact\/\" \/>\n<meta property=\"og:locale\" content=\"en_US\" \/>\n<meta property=\"og:type\" content=\"article\" \/>\n<meta property=\"og:title\" content=\"Contact - Europhotonics\" \/>\n<meta property=\"og:description\" content=\"Contact information of the Europhotonics coordinator and partners\" \/>\n<meta property=\"og:url\" content=\"https:\/\/www.europhotonics.org\/wordpress\/contact\/\" \/>\n<meta property=\"og:site_name\" content=\"Europhotonics\" \/>\n<meta property=\"article:modified_time\" content=\"2024-09-19T15:16:03+00:00\" \/>\n<meta name=\"twitter:card\" content=\"summary_large_image\" \/>\n<meta name=\"twitter:label1\" content=\"Est. reading time\" \/>\n\t<meta name=\"twitter:data1\" content=\"4 minutes\" \/>\n<script type=\"application\/ld+json\" class=\"yoast-schema-graph\">{\"@context\":\"https:\\\/\\\/schema.org\",\"@graph\":[{\"@type\":\"WebPage\",\"@id\":\"https:\\\/\\\/www.europhotonics.org\\\/wordpress\\\/contact\\\/\",\"url\":\"https:\\\/\\\/www.europhotonics.org\\\/wordpress\\\/contact\\\/\",\"name\":\"Contact - Europhotonics\",\"isPartOf\":{\"@id\":\"https:\\\/\\\/www.europhotonics.org\\\/wordpress\\\/#website\"},\"datePublished\":\"2020-02-06T12:01:58+00:00\",\"dateModified\":\"2024-09-19T15:16:03+00:00\",\"description\":\"Contact information of the Europhotonics coordinator and partners\",\"breadcrumb\":{\"@id\":\"https:\\\/\\\/www.europhotonics.org\\\/wordpress\\\/contact\\\/#breadcrumb\"},\"inLanguage\":\"en-US\",\"potentialAction\":[{\"@type\":\"ReadAction\",\"target\":[\"https:\\\/\\\/www.europhotonics.org\\\/wordpress\\\/contact\\\/\"]}]},{\"@type\":\"BreadcrumbList\",\"@id\":\"https:\\\/\\\/www.europhotonics.org\\\/wordpress\\\/contact\\\/#breadcrumb\",\"itemListElement\":[{\"@type\":\"ListItem\",\"position\":1,\"name\":\"Home\",\"item\":\"https:\\\/\\\/www.europhotonics.org\\\/wordpress\\\/\"},{\"@type\":\"ListItem\",\"position\":2,\"name\":\"Contact\"}]},{\"@type\":\"WebSite\",\"@id\":\"https:\\\/\\\/www.europhotonics.org\\\/wordpress\\\/#website\",\"url\":\"https:\\\/\\\/www.europhotonics.org\\\/wordpress\\\/\",\"name\":\"Europhotonics\",\"description\":\"EuroPhotonics Erasmus Mundus Joint Master\",\"publisher\":{\"@id\":\"https:\\\/\\\/www.europhotonics.org\\\/wordpress\\\/#organization\"},\"potentialAction\":[{\"@type\":\"SearchAction\",\"target\":{\"@type\":\"EntryPoint\",\"urlTemplate\":\"https:\\\/\\\/www.europhotonics.org\\\/wordpress\\\/?s={search_term_string}\"},\"query-input\":{\"@type\":\"PropertyValueSpecification\",\"valueRequired\":true,\"valueName\":\"search_term_string\"}}],\"inLanguage\":\"en-US\"},{\"@type\":\"Organization\",\"@id\":\"https:\\\/\\\/www.europhotonics.org\\\/wordpress\\\/#organization\",\"name\":\"Europhotonics\",\"url\":\"https:\\\/\\\/www.europhotonics.org\\\/wordpress\\\/\",\"logo\":{\"@type\":\"ImageObject\",\"inLanguage\":\"en-US\",\"@id\":\"https:\\\/\\\/www.europhotonics.org\\\/wordpress\\\/#\\\/schema\\\/logo\\\/image\\\/\",\"url\":\"https:\\\/\\\/www.europhotonics.org\\\/wordpress\\\/wp-content\\\/uploads\\\/2020\\\/09\\\/EuroPHOTONICS_sansErasmus_ECRAN_HD.png\",\"contentUrl\":\"https:\\\/\\\/www.europhotonics.org\\\/wordpress\\\/wp-content\\\/uploads\\\/2020\\\/09\\\/EuroPHOTONICS_sansErasmus_ECRAN_HD.png\",\"width\":2363,\"height\":564,\"caption\":\"Europhotonics\"},\"image\":{\"@id\":\"https:\\\/\\\/www.europhotonics.org\\\/wordpress\\\/#\\\/schema\\\/logo\\\/image\\\/\"}}]}<\/script>\n<!-- \/ Yoast SEO plugin. -->","yoast_head_json":{"title":"Contact - Europhotonics","description":"Contact information of the Europhotonics coordinator and partners","robots":{"index":"index","follow":"follow","max-snippet":"max-snippet:-1","max-image-preview":"max-image-preview:large","max-video-preview":"max-video-preview:-1"},"canonical":"https:\/\/www.europhotonics.org\/wordpress\/contact\/","og_locale":"en_US","og_type":"article","og_title":"Contact - Europhotonics","og_description":"Contact information of the Europhotonics coordinator and partners","og_url":"https:\/\/www.europhotonics.org\/wordpress\/contact\/","og_site_name":"Europhotonics","article_modified_time":"2024-09-19T15:16:03+00:00","twitter_card":"summary_large_image","twitter_misc":{"Est. reading time":"4 minutes"},"schema":{"@context":"https:\/\/schema.org","@graph":[{"@type":"WebPage","@id":"https:\/\/www.europhotonics.org\/wordpress\/contact\/","url":"https:\/\/www.europhotonics.org\/wordpress\/contact\/","name":"Contact - Europhotonics","isPartOf":{"@id":"https:\/\/www.europhotonics.org\/wordpress\/#website"},"datePublished":"2020-02-06T12:01:58+00:00","dateModified":"2024-09-19T15:16:03+00:00","description":"Contact information of the Europhotonics coordinator and partners","breadcrumb":{"@id":"https:\/\/www.europhotonics.org\/wordpress\/contact\/#breadcrumb"},"inLanguage":"en-US","potentialAction":[{"@type":"ReadAction","target":["https:\/\/www.europhotonics.org\/wordpress\/contact\/"]}]},{"@type":"BreadcrumbList","@id":"https:\/\/www.europhotonics.org\/wordpress\/contact\/#breadcrumb","itemListElement":[{"@type":"ListItem","position":1,"name":"Home","item":"https:\/\/www.europhotonics.org\/wordpress\/"},{"@type":"ListItem","position":2,"name":"Contact"}]},{"@type":"WebSite","@id":"https:\/\/www.europhotonics.org\/wordpress\/#website","url":"https:\/\/www.europhotonics.org\/wordpress\/","name":"Europhotonics","description":"EuroPhotonics Erasmus Mundus Joint Master","publisher":{"@id":"https:\/\/www.europhotonics.org\/wordpress\/#organization"},"potentialAction":[{"@type":"SearchAction","target":{"@type":"EntryPoint","urlTemplate":"https:\/\/www.europhotonics.org\/wordpress\/?s={search_term_string}"},"query-input":{"@type":"PropertyValueSpecification","valueRequired":true,"valueName":"search_term_string"}}],"inLanguage":"en-US"},{"@type":"Organization","@id":"https:\/\/www.europhotonics.org\/wordpress\/#organization","name":"Europhotonics","url":"https:\/\/www.europhotonics.org\/wordpress\/","logo":{"@type":"ImageObject","inLanguage":"en-US","@id":"https:\/\/www.europhotonics.org\/wordpress\/#\/schema\/logo\/image\/","url":"https:\/\/www.europhotonics.org\/wordpress\/wp-content\/uploads\/2020\/09\/EuroPHOTONICS_sansErasmus_ECRAN_HD.png","contentUrl":"https:\/\/www.europhotonics.org\/wordpress\/wp-content\/uploads\/2020\/09\/EuroPHOTONICS_sansErasmus_ECRAN_HD.png","width":2363,"height":564,"caption":"Europhotonics"},"image":{"@id":"https:\/\/www.europhotonics.org\/wordpress\/#\/schema\/logo\/image\/"}}]}},"_links":{"self":[{"href":"https:\/\/www.europhotonics.org\/wordpress\/wp-json\/wp\/v2\/pages\/2696","targetHints":{"allow":["GET"]}}],"collection":[{"href":"https:\/\/www.europhotonics.org\/wordpress\/wp-json\/wp\/v2\/pages"}],"about":[{"href":"https:\/\/www.europhotonics.org\/wordpress\/wp-json\/wp\/v2\/types\/page"}],"author":[{"embeddable":true,"href":"https:\/\/www.europhotonics.org\/wordpress\/wp-json\/wp\/v2\/users\/1"}],"replies":[{"embeddable":true,"href":"https:\/\/www.europhotonics.org\/wordpress\/wp-json\/wp\/v2\/comments?post=2696"}],"version-history":[{"count":19,"href":"https:\/\/www.europhotonics.org\/wordpress\/wp-json\/wp\/v2\/pages\/2696\/revisions"}],"predecessor-version":[{"id":4415,"href":"https:\/\/www.europhotonics.org\/wordpress\/wp-json\/wp\/v2\/pages\/2696\/revisions\/4415"}],"wp:attachment":[{"href":"https:\/\/www.europhotonics.org\/wordpress\/wp-json\/wp\/v2\/media?parent=2696"}],"curies":[{"name":"wp","href":"https:\/\/api.w.org\/{rel}","templated":true}]}}